{"id":56,"date":"2018-07-10T15:30:00","date_gmt":"2018-07-10T15:30:00","guid":{"rendered":"http:\/\/duing.org\/?page_id=56"},"modified":"2020-01-30T13:03:15","modified_gmt":"2020-01-30T13:03:15","slug":"how-do-you-type-du-2","status":"publish","type":"page","link":"https:\/\/duing.org\/index.php\/how-do-you-type-du-2\/","title":{"rendered":"international\u00a0d\u00fb"},"content":{"rendered":"<body><div id=\"header_layer\">\n<div id=\"id1\" class=\"style_SkipStroke shape-with-text\">\n<div class=\"text-content style_External_630_49\">\n<div class=\"style\">\n<p class=\"Header\"><span class=\"style_1\"><br><\/span><span style=\"font-size: 1rem;\">You can use the english\u00a0<\/span><span class=\"style_1\" style=\"font-size: 1rem;\">d\u00fb<\/span><span style=\"font-size: 1rem;\">\u00a0or the ones that were chosen by our friends in different countries. We know how special a language is to a culture so we hope you like these new words<\/span><\/p>\n<\/div>\n<\/div>\n<\/div>\n<\/div>\n<div id=\"body_layer\">\n<div id=\"id3\" class=\"style_SkipStroke_2 shape-with-text\">\n<div class=\"text-content style_External_98_66\">\n<div class=\"style\">\n<p class=\"paragraph_style\"><span class=\"style_2\">Norsk: gj\u00f4re<\/span><\/p>\n<\/div>\n<\/div>\n<\/div>\n<div id=\"id4\" class=\"style_SkipStroke_2 shape-with-text\">\n<div class=\"text-content style_External_98_66\">\n<div class=\"style\">\n<p class=\"paragraph_style\"><span class=\"style_2\">Svenska: g\u00f4ra<\/span><\/p>\n<\/div>\n<\/div>\n<\/div>\n<div id=\"id5\" class=\"style_SkipStroke_2 shape-with-text\">\n<div class=\"text-content style_External_150_61\">\n<div class=\"style\">\n<p class=\"paragraph_style\"><span class=\"style_2\">Deutsch: m\u00e2chen<\/span><\/p>\n<\/div>\n<\/div>\n<\/div>\n<div id=\"id6\" class=\"style_SkipStroke_2 shape-with-text\">\n<div class=\"text-content style_External_150_61\">\n<div class=\"style\">\n<p class=\"paragraph_style\"><span class=\"style_2\">Fran\u00e7ais: cre\u00e2<\/span><\/p>\n<p>Espa\u00f1ol: Haci\u00eandome- we are still trying this one out\u2026<\/p>\n<\/div>\n<\/div>\n<\/div>\n<\/div>\n\n\n<p><\/p>\n<\/body>","protected":false},"excerpt":{"rendered":"<p>You can use the english\u00a0d\u00fb\u00a0or the ones that were chosen by our friends in different countries. We know how special a language is to a culture so we hope you like these new words Norsk: gj\u00f4re Svenska: g\u00f4ra Deutsch: m\u00e2chen Fran\u00e7ais: cre\u00e2 Espa\u00f1ol: Haci\u00eandome- we are still trying this one out\u2026<\/p>\n","protected":false},"author":2,"featured_media":0,"parent":0,"menu_order":0,"comment_status":"closed","ping_status":"closed","template":"","meta":{"om_disable_all_campaigns":false,"_monsterinsights_skip_tracking":false,"_monsterinsights_sitenote_active":false,"_monsterinsights_sitenote_note":"","_monsterinsights_sitenote_category":0,"footnotes":""},"aioseo_notices":[],"_links":{"self":[{"href":"https:\/\/duing.org\/index.php\/wp-json\/wp\/v2\/pages\/56"}],"collection":[{"href":"https:\/\/duing.org\/index.php\/wp-json\/wp\/v2\/pages"}],"about":[{"href":"https:\/\/duing.org\/index.php\/wp-json\/wp\/v2\/types\/page"}],"author":[{"embeddable":true,"href":"https:\/\/duing.org\/index.php\/wp-json\/wp\/v2\/users\/2"}],"replies":[{"embeddable":true,"href":"https:\/\/duing.org\/index.php\/wp-json\/wp\/v2\/comments?post=56"}],"version-history":[{"count":4,"href":"https:\/\/duing.org\/index.php\/wp-json\/wp\/v2\/pages\/56\/revisions"}],"predecessor-version":[{"id":92,"href":"https:\/\/duing.org\/index.php\/wp-json\/wp\/v2\/pages\/56\/revisions\/92"}],"wp:attachment":[{"href":"https:\/\/duing.org\/index.php\/wp-json\/wp\/v2\/media?parent=56"}],"curies":[{"name":"wp","href":"https:\/\/api.w.org\/{rel}","templated":true}]}}